{"id":26402,"date":"2025-02-04T16:19:41","date_gmt":"2025-02-04T14:19:41","guid":{"rendered":"https:\/\/garazastyle.com\/product\/khimar-rock-aisha-braun\/"},"modified":"2025-02-04T16:19:41","modified_gmt":"2025-02-04T14:19:41","slug":"khimar-rock-aisha-braun","status":"publish","type":"product","link":"https:\/\/garazastyle.com\/de\/product\/khimar-rock-aisha-braun\/","title":{"rendered":"Khimar &amp; Rock \u2013 Aisha Braun"},"content":{"rendered":"<p>Der<b> halbrunde Rock<\/b> f\u00e4llt bei jeder Bewegung elegant und flie\u00dfend, und bietet gleichzeitig Stil und Tragekomfort. Die universelle Passform ist bis Gr\u00f6\u00dfe <b>XXL<\/b> geeignet und sorgt f\u00fcr eine bequeme, schmeichelhafte Silhouette. Das Khimar-und-Rock-Set Aisha Braun eignet sich f\u00fcr jede Jahreszeit und l\u00e4sst sich m\u00fchelos f\u00fcr jeden Anlass stylen.  <\/p>\n<h4>Eins\u00e4tze an Kopf und \u00c4rmelb\u00fcndchen:<\/h4>\n<ul>\n<li>Gefertigt aus weichem Jersey-Material \u2013 f\u00fcr Leichtigkeit und angenehmen Tragekomfort.<\/li>\n<li>Materialzusammensetzung der Eins\u00e4tze: 62\u202f% Viskose, 28\u202f% Polyester, 10\u202f% Elasthan.<\/li>\n<li>Diese Eins\u00e4tze bieten zus\u00e4tzliche Funktionalit\u00e4t und erh\u00f6hen den Komfort beim Tragen.<\/li>\n<\/ul>\n<h3>Pflegehinweise:<\/h3>\n<p>Um das makellose Erscheinungsbild Ihres Sets zu erhalten, wird eine schonende Pflege empfohlen.<br \/>Waschen bei <b>30\u202f\u00b0C<\/b> tr\u00e4gt dazu bei, die Qualit\u00e4t des Stoffes zu bewahren und die Lebensdauer des Kleidungsst\u00fccks zu verl\u00e4ngern. <\/p>\n","protected":false},"excerpt":{"rendered":"<p><strong>Ein bequemes und praktisches Set f\u00fcr den Alltag. <\/strong>Gefertigt aus hochwertigem Cr\u00eape-Stoff \u00fcberzeugt das Set mit einer weichen, edlen Oberfl\u00e4che, die eine anmutige Bewegung und m\u00fcheloses Tragen erm\u00f6glicht. Das leichte, aber formstabile Material sorgt f\u00fcr Atmungsaktivit\u00e4t und ganzt\u00e4gigen Komfort, w\u00e4hrend es gleichzeitig eine dezente, gepflegte Silhouette bewahrt. <\/p>\n<p><b>Hinweis:<\/b> Beim Kauf dieses Sets erhalten Sie den exklusiven <b>Supreme Hold Hijab <\/b>zum Sonderpreis + magnetische Hijab-Nadeln <b>gratis dazu<\/b>.<\/p>\n","protected":false},"featured_media":26403,"comment_status":"open","ping_status":"closed","template":"","meta":[],"etheme_brands":[],"product_brand":[],"product_cat":[436,418],"product_tag":[],"class_list":{"0":"post-26402","1":"product","2":"type-product","3":"status-publish","4":"has-post-thumbnail","6":"product_cat-khimars","7":"product_cat-muslimische-kleidung","8":"product_shipping_class-max-de","10":"first","11":"outofstock","12":"shipping-taxable","13":"purchasable","14":"product-type-variable","15":"has-default-attributes"},"_links":{"self":[{"href":"https:\/\/garazastyle.com\/de\/wp-json\/wp\/v2\/product\/26402","targetHints":{"allow":["GET"]}}],"collection":[{"href":"https:\/\/garazastyle.com\/de\/wp-json\/wp\/v2\/product"}],"about":[{"href":"https:\/\/garazastyle.com\/de\/wp-json\/wp\/v2\/types\/product"}],"replies":[{"embeddable":true,"href":"https:\/\/garazastyle.com\/de\/wp-json\/wp\/v2\/comments?post=26402"}],"version-history":[{"count":0,"href":"https:\/\/garazastyle.com\/de\/wp-json\/wp\/v2\/product\/26402\/revisions"}],"wp:featuredmedia":[{"embeddable":true,"href":"https:\/\/garazastyle.com\/de\/wp-json\/wp\/v2\/media\/26403"}],"wp:attachment":[{"href":"https:\/\/garazastyle.com\/de\/wp-json\/wp\/v2\/media?parent=26402"}],"wp:term":[{"taxonomy":"brand","embeddable":true,"href":"https:\/\/garazastyle.com\/de\/wp-json\/wp\/v2\/etheme_brands?post=26402"},{"taxonomy":"product_brand","embeddable":true,"href":"https:\/\/garazastyle.com\/de\/wp-json\/wp\/v2\/product_brand?post=26402"},{"taxonomy":"product_cat","embeddable":true,"href":"https:\/\/garazastyle.com\/de\/wp-json\/wp\/v2\/product_cat?post=26402"},{"taxonomy":"product_tag","embeddable":true,"href":"https:\/\/garazastyle.com\/de\/wp-json\/wp\/v2\/product_tag?post=26402"}],"curies":[{"name":"wp","href":"https:\/\/api.w.org\/{rel}","templated":true}]}}