{"id":25974,"date":"2025-01-04T16:20:10","date_gmt":"2025-01-04T14:20:10","guid":{"rendered":"https:\/\/garazastyle.com\/product\/modest-casual-dress-malika\/"},"modified":"2025-05-24T17:36:20","modified_gmt":"2025-05-24T14:36:20","slug":"modest-casual-dress-malika","status":"publish","type":"product","link":"https:\/\/garazastyle.com\/de\/product\/modest-casual-dress-malika\/","title":{"rendered":"Modest Casual Dress \u2013 Malika"},"content":{"rendered":"<h4>Vielseitig &amp; Komfortabel: Das Kleid Malika<\/h4>\n<ul>\n<li><b>Kleiderl\u00e4nge:<\/b> 145 cm<\/li>\n<li><b>Brustumfang:<\/b> 118 cm (geeignet f\u00fcr Gr\u00f6\u00dfen XS bis M)<\/li>\n<li><b>\u00c4rmel:<\/b> Gerade geschnitten mit <b>Daumenschlaufen<\/b> f\u00fcr einen klaren, strukturierten Look<\/li>\n<li><b>Kragen:<\/b> <b>Stehkragen<\/b> \u2013 verleiht dem Kleid eine moderne Note und unterstreicht seinen dynamischen Charakter<\/li>\n<\/ul>\n<h4>Durchdachtes Design &amp; Moderner Stil<\/h4>\n<p>Jedes Detail dieses Kleides wurde sorgf\u00e4ltig gestaltet, um moderne Modetrends mit den Grunds\u00e4tzen der dezenten Kleidung zu vereinen. Der dichte, aber atmungsaktive Stoff eignet sich ideal f\u00fcr einen aktiven Lebensstil, w\u00e4hrend die strukturierte Silhouette Flexibilit\u00e4t f\u00fcr verschiedene Anl\u00e4sse bietet. <\/p>\n<h4>Pflegehinweise<\/h4>\n<p>Um die Weichheit und das makellose Erscheinungsbild des Stoffes zu erhalten, beachten Sie bitte folgende Hinweise:<\/p>\n<ul>\n<li><b>Waschen bei 30\u202f\u00b0C<\/b> im <b>Schonwaschgang<\/b><\/li>\n<li>Verwenden Sie milde Waschmittel und vermeiden Sie aggressive Chemikalien<\/li>\n<li>Kein Bleichmittel verwenden<\/li>\n<\/ul>\n","protected":false},"excerpt":{"rendered":"<p>Mehr als nur ein Kleid. Das Malika-Kleid ist mehr als nur ein Kleidungsst\u00fcck \u2013 es spiegelt einen selbstbewussten und dynamischen Lebensstil wider. Es wurde f\u00fcr moderne Frauen entworfen, die sich stilvoll kleiden und gleichzeitig islamische Werte respektieren m\u00f6chten. Ideal f\u00fcr Stadtbummel, Treffen oder einen vollen Alltag \u2013 ein unverzichtbares St\u00fcck f\u00fcr jede moderne, dezente Garderobe.  <\/p>\n<p><b>Hinweis:<\/b> Beim Kauf dieses Kleides erhalten Sie den exklusiven <b>Supreme Hold Hijab <\/b>zum Sonderpreis + magnetische Hijab-Nadeln <b>gratis dazu.<\/b><\/p>\n","protected":false},"featured_media":25975,"comment_status":"open","ping_status":"closed","template":"","meta":[],"etheme_brands":[],"product_brand":[],"product_cat":[424,425,418],"product_tag":[],"class_list":{"0":"post-25974","1":"product","2":"type-product","3":"status-publish","4":"has-post-thumbnail","6":"product_cat-abayas","7":"product_cat-modest-dresses","8":"product_cat-muslimische-kleidung","9":"product_shipping_class-max-de","11":"first","12":"outofstock","13":"shipping-taxable","14":"purchasable","15":"product-type-variable","16":"has-default-attributes"},"_links":{"self":[{"href":"https:\/\/garazastyle.com\/de\/wp-json\/wp\/v2\/product\/25974","targetHints":{"allow":["GET"]}}],"collection":[{"href":"https:\/\/garazastyle.com\/de\/wp-json\/wp\/v2\/product"}],"about":[{"href":"https:\/\/garazastyle.com\/de\/wp-json\/wp\/v2\/types\/product"}],"replies":[{"embeddable":true,"href":"https:\/\/garazastyle.com\/de\/wp-json\/wp\/v2\/comments?post=25974"}],"version-history":[{"count":0,"href":"https:\/\/garazastyle.com\/de\/wp-json\/wp\/v2\/product\/25974\/revisions"}],"wp:featuredmedia":[{"embeddable":true,"href":"https:\/\/garazastyle.com\/de\/wp-json\/wp\/v2\/media\/25975"}],"wp:attachment":[{"href":"https:\/\/garazastyle.com\/de\/wp-json\/wp\/v2\/media?parent=25974"}],"wp:term":[{"taxonomy":"brand","embeddable":true,"href":"https:\/\/garazastyle.com\/de\/wp-json\/wp\/v2\/etheme_brands?post=25974"},{"taxonomy":"product_brand","embeddable":true,"href":"https:\/\/garazastyle.com\/de\/wp-json\/wp\/v2\/product_brand?post=25974"},{"taxonomy":"product_cat","embeddable":true,"href":"https:\/\/garazastyle.com\/de\/wp-json\/wp\/v2\/product_cat?post=25974"},{"taxonomy":"product_tag","embeddable":true,"href":"https:\/\/garazastyle.com\/de\/wp-json\/wp\/v2\/product_tag?post=25974"}],"curies":[{"name":"wp","href":"https:\/\/api.w.org\/{rel}","templated":true}]}}