{"id":25955,"date":"2025-05-19T14:11:32","date_gmt":"2025-05-19T11:11:32","guid":{"rendered":"https:\/\/garazastyle.com\/product\/jersey-kapuzen-hijab\/"},"modified":"2025-05-31T14:40:21","modified_gmt":"2025-05-31T11:40:21","slug":"jersey-kapuzen-hijab","status":"publish","type":"product","link":"https:\/\/garazastyle.com\/de\/product\/jersey-kapuzen-hijab\/","title":{"rendered":"Jersey Kapuzen Hijab"},"content":{"rendered":"<h4>Wichtig:<\/h4>\n<p>Die Unterkappe<b> ist nicht<\/b> im Set enthalten.<\/p>\n<ul>\n<li><b>Material:<\/b> Premium Jersey (kalifornisch) \u2013 weich, atmungsaktiv und langlebig.<\/li>\n<li><b>Materialzusammensetzung:<\/b> 62 % Viskose, 28 % Polyester, 10 % Elasthan \u2013 f\u00fcr Leichtigkeit, Dehnbarkeit und sicheren Sitz.<\/li>\n<li><b>Passform &amp; Komfort:<\/b> Elastisches Material sorgt f\u00fcr sicheren Halt ohne Druckgef\u00fchl.<\/li>\n<li><b>Bedeckung:<\/b> Undurchsichtiger Stoff garantiert Diskretion und Selbstsicherheit.<\/li>\n<li><b>Form:<\/b> Flie\u00dfende, dreieckige Silhouette mit sauberer Frontnaht f\u00fcr einen eleganten Look.<\/li>\n<li><b>Vielseitigkeit: <\/b>Geeignet f\u00fcr legere, sportliche, formelle und geschichtete Outfits.<\/li>\n<\/ul>\n<h4>Pflegehinweise:<\/h4>\n<p>Schonende Hand &#8211; oder Maschinenw\u00e4sche bei bis zu 30 \u00b0C.<br \/>\nVerwenden Sie milde Waschmittel, vermeiden Sie Bleichmittel und starkes Schleudern.<br \/>\nFlach liegend trocknen und direkte Sonneneinstrahlung \u00fcber l\u00e4ngere Zeit vermeiden.<\/p>\n","protected":false},"excerpt":{"rendered":"<p>Unsere neueste Kreation ist f\u00fcr alle, die in jedem Look Komfort, Stil und Freiheit sch\u00e4tzen. Diese Kapuze bietet eine gro\u00dfz\u00fcgigere Passform, eine dekorative Frontnaht und eine weiche, dreieckige Form, die elegant f\u00e4llt und eine entspannte Silhouette schafft. Der hochwertige Jersey-Stoff f\u00fchlt sich angenehm auf der Haut an und eignet sich ideal f\u00fcr den t\u00e4glichen Gebrauch in jeder Jahreszeit. Kundinnen, die beide unserer Kapuzenmodelle ausprobiert haben, sch\u00e4tzen jede f\u00fcr ihre einzigartigen Eigenschaften \u2013 die Wahl h\u00e4ngt vom Outfit-Stil ab: das eine ist minimalistisch, das andere ausdrucksst\u00e4rker.<br \/>Hinweis: Beim Kauf dieser Kapuze erhalten Sie den exklusiven Supreme Hold Hijab zum Sonderpreis + magnetische Hijab-Nadeln gratis dazu.    <\/p>\n","protected":false},"featured_media":25862,"comment_status":"open","ping_status":"closed","template":"","meta":[],"etheme_brands":[],"product_brand":[350],"product_cat":[419,460],"product_tag":[],"class_list":{"0":"post-25955","1":"product","2":"type-product","3":"status-publish","4":"has-post-thumbnail","6":"product_brand-hoods","7":"product_cat-hijabs","8":"product_cat-hoods","9":"product_shipping_class-min-de","11":"first","12":"instock","13":"shipping-taxable","14":"purchasable","15":"product-type-variable","16":"has-default-attributes"},"_links":{"self":[{"href":"https:\/\/garazastyle.com\/de\/wp-json\/wp\/v2\/product\/25955","targetHints":{"allow":["GET"]}}],"collection":[{"href":"https:\/\/garazastyle.com\/de\/wp-json\/wp\/v2\/product"}],"about":[{"href":"https:\/\/garazastyle.com\/de\/wp-json\/wp\/v2\/types\/product"}],"replies":[{"embeddable":true,"href":"https:\/\/garazastyle.com\/de\/wp-json\/wp\/v2\/comments?post=25955"}],"version-history":[{"count":0,"href":"https:\/\/garazastyle.com\/de\/wp-json\/wp\/v2\/product\/25955\/revisions"}],"wp:featuredmedia":[{"embeddable":true,"href":"https:\/\/garazastyle.com\/de\/wp-json\/wp\/v2\/media\/25862"}],"wp:attachment":[{"href":"https:\/\/garazastyle.com\/de\/wp-json\/wp\/v2\/media?parent=25955"}],"wp:term":[{"taxonomy":"brand","embeddable":true,"href":"https:\/\/garazastyle.com\/de\/wp-json\/wp\/v2\/etheme_brands?post=25955"},{"taxonomy":"product_brand","embeddable":true,"href":"https:\/\/garazastyle.com\/de\/wp-json\/wp\/v2\/product_brand?post=25955"},{"taxonomy":"product_cat","embeddable":true,"href":"https:\/\/garazastyle.com\/de\/wp-json\/wp\/v2\/product_cat?post=25955"},{"taxonomy":"product_tag","embeddable":true,"href":"https:\/\/garazastyle.com\/de\/wp-json\/wp\/v2\/product_tag?post=25955"}],"curies":[{"name":"wp","href":"https:\/\/api.w.org\/{rel}","templated":true}]}}