{"id":23443,"date":"2025-02-04T16:20:12","date_gmt":"2025-02-04T14:20:12","guid":{"rendered":"https:\/\/garazastyle.com\/product\/modest-maxikleid-mariam\/"},"modified":"2025-05-24T17:35:07","modified_gmt":"2025-05-24T14:35:07","slug":"modest-maxikleid-mariam","status":"publish","type":"product","link":"https:\/\/garazastyle.com\/de\/product\/modest-maxikleid-mariam\/","title":{"rendered":"Modest Maxikleid \u2013 Mariam"},"content":{"rendered":"<ul>\n<li><b>Kleiderl\u00e4nge:<\/b> 148 cm<\/li>\n<li><b>\u00c4rmell\u00e4nge:<\/b> 73 cm<\/li>\n<li><b>Saumweite: <\/b>180 cm<\/li>\n<li><b>Vorderseite:<\/b> Funktionelle Knopfleiste<\/li>\n<li><b>Details:<\/b> Leichte Raffung unterhalb der Taille, elastische \u00c4rmelb\u00fcndchen<\/li>\n<li><b>Material:<\/b> 67\u202f% Cupro, 33\u202f% Seide \u2013 weich, atmungsaktiv, mit edlem Glanz und angenehm auf der Haut.<\/li>\n<\/ul>\n<h4>Pflegehinweise:<\/h4>\n<ul>\n<li>Cupro-Kleidung sollte nicht zusammen mit anderen Materialien \u2013 weder nat\u00fcrlichen noch synthetischen \u2013 gewaschen werden.<\/li>\n<li>Die optimale Wassertemperatur betr\u00e4gt maximal 40\u202f\u00b0C.<\/li>\n<li>Sowohl Handw\u00e4sche als auch Maschinenw\u00e4sche im Schonwaschgang sind m\u00f6glich.<\/li>\n<li>When machine washing, use mild detergents specifically designed for delicate fabrics.<\/li>\n<li>Verwenden Sie bei der Maschinenw\u00e4sche ein mildes Waschmittel, das speziell f\u00fcr empfindliche Stoffe geeignet ist.<\/li>\n<li>Vermeiden Sie Bleichmittel und Weichsp\u00fcler, da sie die Fasern besch\u00e4digen k\u00f6nnen.<\/li>\n<li>Nach dem Waschen das Kleid sanft in Form bringen und flach trocknen \u2013 fern von direkter Sonneneinstrahlung.<\/li>\n<li>Bei Bedarf bei niedriger Temperatur b\u00fcgeln \u2013 verwenden Sie ein B\u00fcgeltuch, um die Stoffoberfl\u00e4che zu sch\u00fctzen. Wenn Sie diese Pflegeempfehlungen befolgen, bewahren Sie die Sch\u00f6nheit und Langlebigkeit des Stoffes.<\/li>\n<\/ul>\n<p>Das Kleid Sophia ist der Inbegriff von Luxus, Eleganz und h\u00f6chstem Tragekomfort.<\/p>\n","protected":false},"excerpt":{"rendered":"<h4>Erleben Sie Leichtigkeit und Raffinesse mit dem Sophia-Kleid aus Cupro.<\/h4>\n<p>Dieses edle Modell vereint weiche Haptik, angenehmen Tragekomfort und den luxuri\u00f6sen Glanz nat\u00fcrlicher Stoffe. Das leichte, atmungsaktive Material sorgt f\u00fcr ein luftiges Tragegef\u00fchl, w\u00e4hrend der durchdachte Schnitt die Eleganz der Silhouette unterstreicht \u2013 perfekt f\u00fcr Alltag und besondere Anl\u00e4sse.  <\/p>\n<p><b>Hinweis:<\/b> Beim Kauf dieses Kleides erhalten Sie den exklusiven <b>Supreme Hold Hijab <\/b>zum Sonderpreis + magnetische Hijab-Nadeln <b>gratis dazu.<\/b><\/p>\n","protected":false},"featured_media":23444,"comment_status":"open","ping_status":"closed","template":"","meta":[],"etheme_brands":[],"product_brand":[],"product_cat":[424,425,418],"product_tag":[],"class_list":{"0":"post-23443","1":"product","2":"type-product","3":"status-publish","4":"has-post-thumbnail","6":"product_cat-abayas","7":"product_cat-modest-dresses","8":"product_cat-muslimische-kleidung","9":"product_shipping_class-max-de","11":"first","12":"instock","13":"shipping-taxable","14":"purchasable","15":"product-type-variable","16":"has-default-attributes"},"_links":{"self":[{"href":"https:\/\/garazastyle.com\/de\/wp-json\/wp\/v2\/product\/23443","targetHints":{"allow":["GET"]}}],"collection":[{"href":"https:\/\/garazastyle.com\/de\/wp-json\/wp\/v2\/product"}],"about":[{"href":"https:\/\/garazastyle.com\/de\/wp-json\/wp\/v2\/types\/product"}],"replies":[{"embeddable":true,"href":"https:\/\/garazastyle.com\/de\/wp-json\/wp\/v2\/comments?post=23443"}],"version-history":[{"count":0,"href":"https:\/\/garazastyle.com\/de\/wp-json\/wp\/v2\/product\/23443\/revisions"}],"wp:featuredmedia":[{"embeddable":true,"href":"https:\/\/garazastyle.com\/de\/wp-json\/wp\/v2\/media\/23444"}],"wp:attachment":[{"href":"https:\/\/garazastyle.com\/de\/wp-json\/wp\/v2\/media?parent=23443"}],"wp:term":[{"taxonomy":"brand","embeddable":true,"href":"https:\/\/garazastyle.com\/de\/wp-json\/wp\/v2\/etheme_brands?post=23443"},{"taxonomy":"product_brand","embeddable":true,"href":"https:\/\/garazastyle.com\/de\/wp-json\/wp\/v2\/product_brand?post=23443"},{"taxonomy":"product_cat","embeddable":true,"href":"https:\/\/garazastyle.com\/de\/wp-json\/wp\/v2\/product_cat?post=23443"},{"taxonomy":"product_tag","embeddable":true,"href":"https:\/\/garazastyle.com\/de\/wp-json\/wp\/v2\/product_tag?post=23443"}],"curies":[{"name":"wp","href":"https:\/\/api.w.org\/{rel}","templated":true}]}}