{"id":23526,"date":"2024-03-03T09:17:46","date_gmt":"2024-03-03T07:17:46","guid":{"rendered":"https:\/\/garazastyle.com\/returns-policy\/"},"modified":"2026-03-02T22:43:40","modified_gmt":"2026-03-02T20:43:40","slug":"returns-policy","status":"publish","type":"page","link":"https:\/\/garazastyle.com\/de\/returns-policy\/","title":{"rendered":"R\u00fcckgaberichtlinie"},"content":{"rendered":"\t\t<div data-elementor-type=\"wp-page\" data-elementor-id=\"23526\" class=\"elementor elementor-23526 elementor-7461\" data-elementor-post-type=\"page\">\n\t\t\t\t<div class=\"elementor-element elementor-element-2ca3fd2e e-flex e-con-boxed e-con e-parent\" data-id=\"2ca3fd2e\" data-element_type=\"container\" data-e-type=\"container\">\n\t\t\t\t\t<div class=\"e-con-inner\">\n\t\t\t\t<div class=\"elementor-element elementor-element-28dff1d elementor-widget elementor-widget-heading\" data-id=\"28dff1d\" data-element_type=\"widget\" data-e-type=\"widget\" data-widget_type=\"heading.default\">\n\t\t\t\t<div class=\"elementor-widget-container\">\n\t\t\t\t\t<h1 class=\"elementor-heading-title elementor-size-default\">R\u00fcckgaberichtlinie<\/h1>\t\t\t\t<\/div>\n\t\t\t\t<\/div>\n\t\t\t\t<div class=\"elementor-element elementor-element-5027131b elementor-widget elementor-widget-text-editor\" data-id=\"5027131b\" data-element_type=\"widget\" data-e-type=\"widget\" data-widget_type=\"text-editor.default\">\n\t\t\t\t<div class=\"elementor-widget-container\">\n\t\t\t\t\t\t\t\t\t<h2 data-start=\"302\" data-end=\"358\"><strong>R\u00fcckgaberichtlinie (Alle europ\u00e4ischen L\u00e4nder au\u00dfer Finnland)<\/strong><\/h2><p data-start=\"360\" data-end=\"478\">Wir bieten ein 14-t\u00e4giges R\u00fcckgaberecht an. Das bedeutet, dass Sie ab dem Tag des Erhalts Ihrer Bestellung 14 Tage Zeit haben, eine R\u00fcckgabe zu beantragen. <\/p><h2 data-start=\"480\" data-end=\"536\">Widerrufsrecht (Europ\u00e4ische Union &amp; Vereinigtes K\u00f6nigreich)<\/h2><p data-start=\"538\" data-end=\"772\">Wenn Ihre Bestellung in ein Land der Europ\u00e4ischen Union (mit Ausnahme von Finnland) oder in das Vereinigte K\u00f6nigreich versendet wird, haben Sie das gesetzliche Recht, binnen 14 Tagen nach Erhalt der Ware ohne Angabe von Gr\u00fcnden vom Kaufvertrag zur\u00fcckzutreten.<\/p><p data-start=\"774\" data-end=\"880\">Um dieses Recht auszu\u00fcben, m\u00fcssen Sie uns innerhalb der 14-Tage-Frist per E-Mail an <a class=\"decorated-link cursor-pointer\" rel=\"noopener\" data-start=\"831\" data-end=\"852\"><strong data-start=\"829\" data-end=\"854\">garazastyle@gmail.com<\/strong><\/a> informieren.<\/p><h2 data-start=\"882\" data-end=\"902\"><strong>R\u00fcckgabebedingungen<\/strong><\/h2><p data-start=\"904\" data-end=\"932\">Um f\u00fcr eine R\u00fcckgabe berechtigt zu sein:<\/p><ul data-start=\"934\" data-end=\"1124\"><li data-start=\"934\" data-end=\"972\"><p data-start=\"936\" data-end=\"972\">Der Artikel muss ungetragen und unbenutzt sein.<\/p><\/li><li data-start=\"973\" data-end=\"1011\"><p data-start=\"975\" data-end=\"1011\">Alle Originaletiketten m\u00fcssen noch befestigt sein.<\/p><\/li><li data-start=\"1012\" data-end=\"1058\"><p data-start=\"1014\" data-end=\"1058\">Der Artikel muss sich in der Originalverpackung befinden.<\/p><\/li><\/ul><p data-start=\"1126\" data-end=\"1150\"><strong>R\u00fccksendungen m\u00fcssen an folgende Adresse gesendet werden:<\/strong><\/p><p data-start=\"1152\" data-end=\"1214\">Garaza<br data-start=\"1158\" data-end=\"1161\">Kivensilm\u00e4nkuja 2, 2 krs<br data-start=\"1185\" data-end=\"1188\">00920 Helsinki<br data-start=\"1202\" data-end=\"1205\">Finland<\/p><p data-start=\"1216\" data-end=\"1275\">Artikel, die ohne vorherige Genehmigung zur\u00fcckgesendet werden, werden nicht angenommen.<\/p><h2 data-start=\"1277\" data-end=\"1301\"><strong>Kosten der R\u00fccksendung<\/strong><\/h2><p data-start=\"1303\" data-end=\"1479\">Wird der Artikel aufgrund einer Meinungs\u00e4nderung, eines Gr\u00f6\u00dfenproblems oder aus einem anderen Grund, der nicht auf einen Mangel oder eine Falschlieferung zur\u00fcckzuf\u00fchren ist, zur\u00fcckgesendet, tr\u00e4gt der Kunde die Kosten der R\u00fccksendung.<\/p><p data-start=\"1481\" data-end=\"1618\">Wir empfehlen, einen sicheren Versanddienst zu nutzen und einen Einlieferungsbeleg aufzubewahren, da wir f\u00fcr w\u00e4hrend des R\u00fccktransports verlorengegangene Sendungen keine Verantwortung \u00fcbernehmen.<\/p><p data-start=\"1620\" data-end=\"1753\">Erfolgt die R\u00fccksendung aufgrund eines best\u00e4tigten Mangels, einer Besch\u00e4digung oder einer Falschlieferung unsererseits, \u00fcbernehmen wir die angemessenen Kosten der R\u00fccksendung.<\/p><h2 data-start=\"1755\" data-end=\"1785\"><strong>Besch\u00e4digungen und Falschlieferungen<\/strong><\/h2><p data-start=\"1787\" data-end=\"2022\">Bitte \u00fcberpr\u00fcfen Sie Ihre Bestellung unmittelbar nach Erhalt. Sollte der Artikel mangelhaft, besch\u00e4digt oder falsch geliefert worden sein, kontaktieren Sie uns bitte umgehend unter <a class=\"decorated-link cursor-pointer\" rel=\"noopener\" data-start=\"1902\" data-end=\"1923\">garazastyle@gmail.com<\/a> und senden Sie Fotos sowie eine Beschreibung des Problems mit. Wir werden den Sachverhalt pr\u00fcfen und Ihnen entsprechende Anweisungen geben.  <\/p><h2 data-start=\"2024\" data-end=\"2047\"><strong>Vom Umtausch ausgeschlossene Artikel<\/strong><\/h2><p data-start=\"2049\" data-end=\"2088\">Folgende Artikel sind von der R\u00fcckgabe ausgeschlossen:<\/p><ul data-start=\"2090\" data-end=\"2183\"><li data-start=\"2090\" data-end=\"2127\"><p data-start=\"2092\" data-end=\"2127\">Ma\u00dfgefertigte oder personalisierte Artikel<\/p><\/li><li data-start=\"2128\" data-end=\"2146\"><p data-start=\"2130\" data-end=\"2146\">Sonderanfertigungen<\/p><\/li><li data-start=\"2147\" data-end=\"2183\"><p data-start=\"2149\" data-end=\"2183\">Artikel, die mit Geschenkkarten erworben wurden<\/p><\/li><\/ul><p data-start=\"2185\" data-end=\"2286\">Wenn Sie unsicher sind, ob Ihr Artikel f\u00fcr eine R\u00fcckgabe berechtigt ist, kontaktieren Sie uns bitte vor der R\u00fccksendung.<\/p><h2 data-start=\"2288\" data-end=\"2300\"><strong>Exchanges<\/strong><\/h2><p data-start=\"2302\" data-end=\"2458\">Wir bieten keinen direkten Umtausch an. Der schnellste Weg, einen anderen Artikel zu erhalten, besteht darin, den urspr\u00fcnglichen Artikel (sofern r\u00fcckgabeberechtigt) zur\u00fcckzusenden und eine neue Bestellung separat aufzugeben. <\/p><h2 data-start=\"2460\" data-end=\"2470\"><strong>R\u00fcckerstattungen<\/strong><\/h2><p data-start=\"2472\" data-end=\"2569\">Sobald wir Ihre R\u00fccksendung erhalten und gepr\u00fcft haben, informieren wir Sie dar\u00fcber, ob die R\u00fcckerstattung genehmigt wurde.<\/p><p data-start=\"2571\" data-end=\"2666\">Im Falle einer Genehmigung erfolgt die R\u00fcckerstattung innerhalb von 10 Werktagen \u00fcber die urspr\u00fcnglich verwendete Zahlungsmethode.<\/p><p data-start=\"2668\" data-end=\"2769\">Bitte beachten Sie, dass Ihre Bank oder Ihr Kreditkartenanbieter zus\u00e4tzliche Zeit ben\u00f6tigen kann, um die R\u00fcckerstattung zu verarbeiten.<\/p><p data-start=\"2771\" data-end=\"2888\">Wenn seit der Genehmigung Ihrer R\u00fcckerstattung mehr als 15 Werktage vergangen sind, kontaktieren Sie uns bitte unter <a class=\"decorated-link cursor-pointer\" rel=\"noopener\" data-start=\"2866\" data-end=\"2887\">garazastyle@gmail.com.<\/a><\/p>\t\t\t\t\t\t\t\t<\/div>\n\t\t\t\t<\/div>\n\t\t\t\t\t<\/div>\n\t\t\t\t<\/div>\n\t\t\t\t<\/div>\n\t\t","protected":false},"excerpt":{"rendered":"<p>R\u00fcckgaberichtlinie R\u00fcckgaberichtlinie (Alle europ\u00e4ischen L\u00e4nder au\u00dfer Finnland) Wir bieten ein 14-t\u00e4giges R\u00fcckgaberecht an. Das bedeutet, dass Sie ab dem Tag des Erhalts Ihrer Bestellung 14 Tage Zeit haben, eine R\u00fcckgabe zu beantragen. Widerrufsrecht (Europ\u00e4ische Union &amp; Vereinigtes K\u00f6nigreich) Wenn Ihre Bestellung in ein Land der&#8230;<\/p>\n","protected":false},"author":1,"featured_media":0,"parent":0,"menu_order":0,"comment_status":"closed","ping_status":"closed","template":"","meta":{"footnotes":""},"class_list":["post-23526","page","type-page","status-publish","hentry"],"_links":{"self":[{"href":"https:\/\/garazastyle.com\/de\/wp-json\/wp\/v2\/pages\/23526","targetHints":{"allow":["GET"]}}],"collection":[{"href":"https:\/\/garazastyle.com\/de\/wp-json\/wp\/v2\/pages"}],"about":[{"href":"https:\/\/garazastyle.com\/de\/wp-json\/wp\/v2\/types\/page"}],"author":[{"embeddable":true,"href":"https:\/\/garazastyle.com\/de\/wp-json\/wp\/v2\/users\/1"}],"replies":[{"embeddable":true,"href":"https:\/\/garazastyle.com\/de\/wp-json\/wp\/v2\/comments?post=23526"}],"version-history":[{"count":4,"href":"https:\/\/garazastyle.com\/de\/wp-json\/wp\/v2\/pages\/23526\/revisions"}],"predecessor-version":[{"id":29011,"href":"https:\/\/garazastyle.com\/de\/wp-json\/wp\/v2\/pages\/23526\/revisions\/29011"}],"wp:attachment":[{"href":"https:\/\/garazastyle.com\/de\/wp-json\/wp\/v2\/media?parent=23526"}],"curies":[{"name":"wp","href":"https:\/\/api.w.org\/{rel}","templated":true}]}}